{"id":150,"date":"2022-01-18T20:26:57","date_gmt":"2022-01-18T20:26:57","guid":{"rendered":"https:\/\/periodantis.com\/?page_id=150"},"modified":"2022-03-23T16:16:07","modified_gmt":"2022-03-23T16:16:07","slug":"smile-gallery","status":"publish","type":"page","link":"https:\/\/periodantis.com\/lt\/smile-gallery\/","title":{"rendered":"\u0160ypsen\u0173 galerija"},"content":{"rendered":"<h2 class=\"has-text-align-center has-palette-color-6-color has-palette-color-1-background-color has-text-color has-background wp-block-heading\" id=\"non-surgical-gum-treatment-before-and-after\">Nechirurginis danten\u0173 gydymas prie\u0161 ir po:<\/h2>\n\n\n\n<div class=\"wp-block-columns is-layout-flex wp-container-core-columns-is-layout-28f84493 wp-block-columns-is-layout-flex\">\n<div class=\"wp-block-column is-layout-flow wp-block-column-is-layout-flow\">\n<div class=\"wp-block-stackable-columns stk-block-columns stk-block stk-814d604\" data-block-id=\"814d604\"><div class=\"stk-row stk-inner-blocks stk-block-content stk-content-align stk-814d604-column\">\n<div class=\"wp-block-stackable-column stk-block-column stk-column stk-block stk-327272f stk-block-background\" data-block-id=\"327272f\"><style>.stk-327272f{background-color:var(--theme-palette-color-6,#f1f1f1) !important}.stk-327272f:before{background-color:var(--theme-palette-color-6,#f1f1f1) !important}<\/style><div class=\"stk-column-wrapper stk-block-column__content stk-container stk-327272f-container stk--no-background stk--no-padding\"><div class=\"stk-block-content stk-inner-blocks\">\n<figure class=\"wp-block-jetpack-image-compare\"><div class=\"juxtapose\" data-mode=\"horizontal\"><img data-recalc-dims=\"1\" fetchpriority=\"high\" decoding=\"async\" id=\"159\" src=\"https:\/\/i0.wp.com\/periodantis.com\/wp-content\/uploads\/2022\/01\/001-nonsurgical-before.jpg?resize=1290%2C722&#038;ssl=1\" alt=\"\" width=\"1290\" height=\"722\" class=\"image-compare__image-before\"\/><img data-recalc-dims=\"1\" decoding=\"async\" id=\"160\" src=\"https:\/\/i0.wp.com\/periodantis.com\/wp-content\/uploads\/2022\/01\/001-nonsurgical-after.jpg?resize=1290%2C722&#038;ssl=1\" alt=\"\" width=\"1290\" height=\"722\" class=\"image-compare__image-after\"\/><\/div><\/figure>\n\n\n\n<p>Trisde\u0161imtmetis vyras gydytas nechiruginiu b\u016bdu. Atkreipkite d\u0117mes\u012f kokios paraudusios ir patinusios dantenos buvo prie\u0161 gydym\u0105. Ir kokios rausvos bei sveikos dantenos atrodo po gydymo!<\/p>\n<\/div><\/div><\/div>\n\n\n\n<div class=\"wp-block-stackable-column stk-block-column stk-column stk-block stk-ec77092 stk-block-background\" data-block-id=\"ec77092\"><style>.stk-ec77092{background-color:var(--theme-palette-color-6,#f1f1f1) !important}.stk-ec77092:before{background-color:var(--theme-palette-color-6,#f1f1f1) !important}<\/style><div class=\"stk-column-wrapper stk-block-column__content stk-container stk-ec77092-container stk--no-background stk--no-padding\"><div class=\"stk-block-content stk-inner-blocks\">\n<figure class=\"wp-block-jetpack-image-compare\"><div class=\"juxtapose\" data-mode=\"horizontal\"><img data-recalc-dims=\"1\" decoding=\"async\" id=\"270\" src=\"https:\/\/i0.wp.com\/periodantis.com\/wp-content\/uploads\/2022\/03\/006-nonsurgical-before.jpg?resize=1290%2C722&#038;ssl=1\" alt=\"\" width=\"1290\" height=\"722\" class=\"image-compare__image-before\"\/><img data-recalc-dims=\"1\" loading=\"lazy\" decoding=\"async\" id=\"271\" src=\"https:\/\/i0.wp.com\/periodantis.com\/wp-content\/uploads\/2022\/03\/006-nonsurgical-after.jpg?resize=1290%2C722&#038;ssl=1\" alt=\"\" width=\"1290\" height=\"722\" class=\"image-compare__image-after\"\/><\/div><\/figure>\n\n\n\n<p>Dvide\u0161imties met\u0173 merginai atliktas nechirurginis danten\u0173 gydymas. Atkreipkite d\u0117mes\u012f \u012f danten\u0173 spalvos ir tekst\u016bros pokyt\u012f prie\u0161 ir po gydymo!<\/p>\n<\/div><\/div><\/div>\n\n\n\n<div class=\"wp-block-stackable-column stk-block-column stk-column stk-block stk-256c107 stk-block-background\" data-block-id=\"256c107\"><style>.stk-256c107{background-color:var(--theme-palette-color-6,#f1f1f1) !important}.stk-256c107:before{background-color:var(--theme-palette-color-6,#f1f1f1) !important}<\/style><div class=\"stk-column-wrapper stk-block-column__content stk-container stk-256c107-container stk--no-background stk--no-padding\"><div class=\"stk-block-content stk-inner-blocks\">\n<figure class=\"wp-block-jetpack-image-compare\"><div class=\"juxtapose\" data-mode=\"horizontal\"><img data-recalc-dims=\"1\" loading=\"lazy\" decoding=\"async\" id=\"165\" src=\"https:\/\/i0.wp.com\/periodantis.com\/wp-content\/uploads\/2022\/01\/001-nonsurgical-right-side-after-1.jpg?resize=1290%2C722&#038;ssl=1\" alt=\"\" width=\"1290\" height=\"722\" class=\"image-compare__image-before\"\/><img data-recalc-dims=\"1\" loading=\"lazy\" decoding=\"async\" id=\"166\" src=\"https:\/\/i0.wp.com\/periodantis.com\/wp-content\/uploads\/2022\/01\/001-nonsurgical-right-side-after-2.jpg?resize=1290%2C722&#038;ssl=1\" alt=\"\" width=\"1290\" height=\"722\" class=\"image-compare__image-after\"\/><\/div><\/figure>\n\n\n\n<p> Trisde\u0161imtmetis vyras gydytas nechiruginiu b\u016bdu. Atkreipkite d\u0117mes\u012f kokios paraudusios ir patinusios dantenos buvo prie\u0161 gydym\u0105. Ir kokios rausvos bei sveikos dantenos atrodo po gydymo!<\/p>\n<\/div><\/div><\/div>\n<\/div><\/div>\n\n\n\n<div class=\"wp-block-stackable-columns stk-block-columns stk-block stk-ac219be\" data-block-id=\"ac219be\"><div class=\"stk-row stk-inner-blocks stk-block-content stk-content-align stk-ac219be-column\">\n<div class=\"wp-block-stackable-column stk-block-column stk-column stk-block stk-6e2153a stk-block-background\" data-block-id=\"6e2153a\"><style>.stk-6e2153a{background-color:var(--theme-palette-color-6,#f1f1f1) !important}.stk-6e2153a:before{background-color:var(--theme-palette-color-6,#f1f1f1) !important}<\/style><div class=\"stk-column-wrapper stk-block-column__content stk-container stk-6e2153a-container stk--no-background stk--no-padding\"><div class=\"stk-block-content stk-inner-blocks\">\n<figure class=\"wp-block-jetpack-image-compare\"><div class=\"juxtapose\" data-mode=\"horizontal\"><img data-recalc-dims=\"1\" loading=\"lazy\" decoding=\"async\" id=\"215\" src=\"https:\/\/i0.wp.com\/periodantis.com\/wp-content\/uploads\/2022\/01\/002-nonsurgical-before.jpg?resize=1290%2C722&#038;ssl=1\" alt=\"\" width=\"1290\" height=\"722\" class=\"image-compare__image-before\"\/><img data-recalc-dims=\"1\" loading=\"lazy\" decoding=\"async\" id=\"216\" src=\"https:\/\/i0.wp.com\/periodantis.com\/wp-content\/uploads\/2022\/01\/002-nonsurgical-after.jpg?resize=1290%2C722&#038;ssl=1\" alt=\"\" width=\"1290\" height=\"722\" class=\"image-compare__image-after\"\/><\/div><\/figure>\n\n\n\n<p>Keturiasde\u0161imtmet\u0117 moteris kreip\u0117si d\u0117l danten\u0173 tinimo aplink apatin\u012f priekin\u012f dant\u012f, kuris taip pat klib\u0117jo. Atliktas nechirurginis gydymas. Nuotraukos darytos prie\u0161 ir 12 m\u0117nesi\u0173 po gydymo. Atkreipkite d\u0117m\u0117s\u012f \u012f danten\u0173 patinim\u0105 bei kaulo praradim\u0105 prie\u0161 gydym\u0105. Bei sveikas dantenas su atsista\u010diusiu kaulu po.<\/p>\n<\/div><\/div><\/div>\n\n\n\n<div class=\"wp-block-stackable-column stk-block-column stk-column stk-block stk-e649801 stk-block-background\" data-block-id=\"e649801\"><style>.stk-e649801{background-color:var(--theme-palette-color-6,#f1f1f1) !important}.stk-e649801:before{background-color:var(--theme-palette-color-6,#f1f1f1) !important}<\/style><div class=\"stk-column-wrapper stk-block-column__content stk-container stk-e649801-container stk--no-background stk--no-padding\"><div class=\"stk-block-content stk-inner-blocks\">\n<figure class=\"wp-block-jetpack-image-compare\"><div class=\"juxtapose\" data-mode=\"horizontal\"><img loading=\"lazy\" decoding=\"async\" id=\"231\" src=\"https:\/\/i1.wp.com\/periodantis.com\/wp-content\/uploads\/2022\/02\/003-nonsurgical-before.jpg?ssl=1\" alt=\"\" width=\"2500\" height=\"1400\" class=\"image-compare__image-before\"\/><img loading=\"lazy\" decoding=\"async\" id=\"232\" src=\"https:\/\/i1.wp.com\/periodantis.com\/wp-content\/uploads\/2022\/02\/003-nonsurgical-after.jpg?ssl=1\" alt=\"\" width=\"2500\" height=\"1400\" class=\"image-compare__image-after\"\/><\/div><\/figure>\n\n\n\n<p>Dvide\u0161imtmetis vyras gydytas nechiruginiu b\u016bdu. Atkreipkite d\u0117mes\u012f kokios paraudusios ir patinusios dantenos buvo prie\u0161 gydym\u0105. Ir kokios rausvos bei sveikos dantenos atrodo po gydymo!<\/p>\n<\/div><\/div><\/div>\n\n\n\n<div class=\"wp-block-stackable-column stk-block-column stk-column stk-block stk-64223b9 stk-block-background\" data-block-id=\"64223b9\"><style>.stk-64223b9{background-color:var(--theme-palette-color-6,#f1f1f1) !important}.stk-64223b9:before{background-color:var(--theme-palette-color-6,#f1f1f1) !important}<\/style><div class=\"stk-column-wrapper stk-block-column__content stk-container stk-64223b9-container stk--no-background stk--no-padding\"><div class=\"stk-block-content stk-inner-blocks\">\n<p><\/p>\n<\/div><\/div><\/div>\n<\/div><\/div>\n<\/div>\n<\/div>\n\n\n\n<h2 class=\"has-text-align-center has-palette-color-6-color has-palette-color-1-background-color has-text-color has-background wp-block-heading\" id=\"non-surgical-gum-treatment-before-and-after\">Danten\u0173 recesijos gydymas prie\u0161 ir po:<\/h2>\n\n\n\n<div class=\"wp-block-stackable-columns stk-block-columns stk-block stk-82bef74 stk-block-background\" data-block-id=\"82bef74\"><div class=\"stk-row stk-inner-blocks stk-block-content stk-content-align stk-82bef74-column\">\n<div class=\"wp-block-stackable-column stk-block-column stk-column stk-block stk-429c282\" data-block-id=\"429c282\"><div class=\"stk-column-wrapper stk-block-column__content stk-container stk-429c282-container stk--no-background stk--no-padding\"><div class=\"stk-block-content stk-inner-blocks\">\n<figure class=\"wp-block-jetpack-image-compare\"><div class=\"juxtapose\" data-mode=\"horizontal\"><img loading=\"lazy\" decoding=\"async\" id=\"234\" src=\"https:\/\/i0.wp.com\/periodantis.com\/wp-content\/uploads\/2022\/02\/004-recession-before.jpg?ssl=1\" alt=\"\" width=\"2500\" height=\"1400\" class=\"image-compare__image-before\"\/><img loading=\"lazy\" decoding=\"async\" id=\"235\" src=\"https:\/\/i0.wp.com\/periodantis.com\/wp-content\/uploads\/2022\/02\/004-recession-after.jpg?ssl=1\" alt=\"\" width=\"2500\" height=\"1400\" class=\"image-compare__image-after\"\/><\/div><\/figure>\n\n\n\n<p>Trisde\u0161imtmet\u0117 moteris kreip\u0117si d\u0117l nuo apatin\u0117s ilties atsitraukusi\u0173 danten\u0173. \u0160iuo atveju prie\u017eastis gal\u0117jo b\u016bti netaisyklinga danties pad\u0117tis, plonos dantenos, r\u016bkymas ir dantenos krap\u0161ymo \u012fprotis. Operacija buvo atlikta u\u017edengiant apsinuoginusi\u0105 danties \u0161akn\u012f.<\/p>\n<\/div><\/div><\/div>\n\n\n\n<div class=\"wp-block-stackable-column stk-block-column stk-column stk-block stk-f3fc044\" data-block-id=\"f3fc044\"><div class=\"stk-column-wrapper stk-block-column__content stk-container stk-f3fc044-container stk--no-background stk--no-padding\"><div class=\"stk-block-content stk-inner-blocks\">\n<figure class=\"wp-block-jetpack-image-compare\"><div class=\"juxtapose\" data-mode=\"horizontal\"><img data-recalc-dims=\"1\" loading=\"lazy\" decoding=\"async\" id=\"263\" src=\"https:\/\/i0.wp.com\/periodantis.com\/wp-content\/uploads\/2022\/02\/005-recession-before-16-9-named.jpg?resize=1290%2C722&#038;ssl=1\" alt=\"\" width=\"1290\" height=\"722\" class=\"image-compare__image-before\"\/><img data-recalc-dims=\"1\" loading=\"lazy\" decoding=\"async\" id=\"264\" src=\"https:\/\/i0.wp.com\/periodantis.com\/wp-content\/uploads\/2022\/02\/005-recession-after-original-16-9-named.jpg?resize=1290%2C722&#038;ssl=1\" alt=\"\" width=\"1290\" height=\"722\" class=\"image-compare__image-after\"\/><\/div><\/figure>\n\n\n\n<p>A lady in her forties complained of sensitivity, soreness and progressing gum recession on the lower right side. A surgery was performed to cover the exposed roots and thicken the gum to prevent further disease progression.<\/p>\n<\/div><\/div><\/div>\n\n\n\n<div class=\"wp-block-stackable-column stk-block-column stk-column stk-block stk-bb484d4\" data-block-id=\"bb484d4\"><div class=\"stk-column-wrapper stk-block-column__content stk-container stk-bb484d4-container stk--no-background stk--no-padding\"><div class=\"stk-block-content stk-inner-blocks\"><\/div><\/div><\/div>\n<\/div><\/div>\n\n\n\n<p><\/p>","protected":false},"excerpt":{"rendered":"<p>Before and after photographs of surgical gum treatment and non-surgical gum treatment, performed by Dr. Aiste Dantis<\/p>","protected":false},"author":2,"featured_media":171,"parent":0,"menu_order":0,"comment_status":"closed","ping_status":"closed","template":"","meta":{"nf_dc_page":"","_uag_custom_page_level_css":"","_monsterinsights_skip_tracking":false,"_monsterinsights_sitenote_active":false,"_monsterinsights_sitenote_note":"","_monsterinsights_sitenote_category":0,"footnotes":""},"class_list":["post-150","page","type-page","status-publish","has-post-thumbnail","hentry"],"blocksy_meta":{"styles_descriptor":{"styles":{"desktop":"","tablet":"","mobile":""},"google_fonts":[],"version":6}},"yoast_head":"<!-- This site is optimized with the Yoast SEO plugin v27.4 - https:\/\/yoast.com\/product\/yoast-seo-wordpress\/ -->\n<title>Smile gallery - Perio by Dantis<\/title>\n<meta name=\"description\" content=\"Before and after photographs of surgical gum treatment and non-surgical gum treatment, performed by Dr. Aiste Dantis\" \/>\n<meta name=\"robots\" content=\"index, follow, max-snippet:-1, max-image-preview:large, max-video-preview:-1\" \/>\n<link rel=\"canonical\" href=\"https:\/\/periodantis.com\/lt\/smile-gallery\/\" \/>\n<meta property=\"og:locale\" content=\"lt_LT\" \/>\n<meta property=\"og:type\" content=\"article\" \/>\n<meta property=\"og:title\" content=\"Smile gallery - Perio by Dantis\" \/>\n<meta property=\"og:description\" content=\"Before and after photographs of surgical gum treatment and non-surgical gum treatment, performed by Dr. Aiste Dantis\" \/>\n<meta property=\"og:url\" content=\"https:\/\/periodantis.com\/lt\/smile-gallery\/\" \/>\n<meta property=\"og:site_name\" content=\"Perio by Dantis\" \/>\n<meta property=\"article:modified_time\" content=\"2022-03-23T16:16:07+00:00\" \/>\n<meta property=\"og:image\" content=\"https:\/\/periodantis.com\/wp-content\/uploads\/2022\/01\/Before-after-feature-image-1.jpg\" \/>\n\t<meta property=\"og:image:width\" content=\"600\" \/>\n\t<meta property=\"og:image:height\" content=\"628\" \/>\n\t<meta property=\"og:image:type\" content=\"image\/jpeg\" \/>\n<meta name=\"twitter:card\" content=\"summary_large_image\" \/>\n<meta name=\"twitter:label1\" content=\"Est. reading time\" \/>\n\t<meta name=\"twitter:data1\" content=\"4 minut\u0117s\" \/>\n<script type=\"application\/ld+json\" class=\"yoast-schema-graph\">{\"@context\":\"https:\\\/\\\/schema.org\",\"@graph\":[{\"@type\":\"WebPage\",\"@id\":\"https:\\\/\\\/periodantis.com\\\/smile-gallery\\\/\",\"url\":\"https:\\\/\\\/periodantis.com\\\/smile-gallery\\\/\",\"name\":\"Smile gallery - Perio by Dantis\",\"isPartOf\":{\"@id\":\"http:\\\/\\\/periodantis.com\\\/#website\"},\"primaryImageOfPage\":{\"@id\":\"https:\\\/\\\/periodantis.com\\\/smile-gallery\\\/#primaryimage\"},\"image\":{\"@id\":\"https:\\\/\\\/periodantis.com\\\/smile-gallery\\\/#primaryimage\"},\"thumbnailUrl\":\"https:\\\/\\\/i0.wp.com\\\/periodantis.com\\\/wp-content\\\/uploads\\\/2022\\\/01\\\/Before-after-feature-image-1.jpg?fit=600%2C628&ssl=1\",\"datePublished\":\"2022-01-18T20:26:57+00:00\",\"dateModified\":\"2022-03-23T16:16:07+00:00\",\"description\":\"Before and after photographs of surgical gum treatment and non-surgical gum treatment, performed by Dr. Aiste Dantis\",\"breadcrumb\":{\"@id\":\"https:\\\/\\\/periodantis.com\\\/smile-gallery\\\/#breadcrumb\"},\"inLanguage\":\"lt-LT\",\"potentialAction\":[{\"@type\":\"ReadAction\",\"target\":[\"https:\\\/\\\/periodantis.com\\\/smile-gallery\\\/\"]}]},{\"@type\":\"ImageObject\",\"inLanguage\":\"lt-LT\",\"@id\":\"https:\\\/\\\/periodantis.com\\\/smile-gallery\\\/#primaryimage\",\"url\":\"https:\\\/\\\/i0.wp.com\\\/periodantis.com\\\/wp-content\\\/uploads\\\/2022\\\/01\\\/Before-after-feature-image-1.jpg?fit=600%2C628&ssl=1\",\"contentUrl\":\"https:\\\/\\\/i0.wp.com\\\/periodantis.com\\\/wp-content\\\/uploads\\\/2022\\\/01\\\/Before-after-feature-image-1.jpg?fit=600%2C628&ssl=1\",\"width\":600,\"height\":628},{\"@type\":\"BreadcrumbList\",\"@id\":\"https:\\\/\\\/periodantis.com\\\/smile-gallery\\\/#breadcrumb\",\"itemListElement\":[{\"@type\":\"ListItem\",\"position\":1,\"name\":\"Home\",\"item\":\"https:\\\/\\\/periodantis.com\\\/\"},{\"@type\":\"ListItem\",\"position\":2,\"name\":\"Smile gallery\"}]},{\"@type\":\"WebSite\",\"@id\":\"http:\\\/\\\/periodantis.com\\\/#website\",\"url\":\"http:\\\/\\\/periodantis.com\\\/\",\"name\":\"Perio by Dantis\",\"description\":\"Gum doctor\",\"publisher\":{\"@id\":\"http:\\\/\\\/periodantis.com\\\/#organization\"},\"potentialAction\":[{\"@type\":\"SearchAction\",\"target\":{\"@type\":\"EntryPoint\",\"urlTemplate\":\"http:\\\/\\\/periodantis.com\\\/?s={search_term_string}\"},\"query-input\":{\"@type\":\"PropertyValueSpecification\",\"valueRequired\":true,\"valueName\":\"search_term_string\"}}],\"inLanguage\":\"lt-LT\"},{\"@type\":\"Organization\",\"@id\":\"http:\\\/\\\/periodantis.com\\\/#organization\",\"name\":\"Perio by Dantis\",\"url\":\"http:\\\/\\\/periodantis.com\\\/\",\"logo\":{\"@type\":\"ImageObject\",\"inLanguage\":\"lt-LT\",\"@id\":\"http:\\\/\\\/periodantis.com\\\/#\\\/schema\\\/logo\\\/image\\\/\",\"url\":\"https:\\\/\\\/i0.wp.com\\\/periodantis.com\\\/wp-content\\\/uploads\\\/2022\\\/01\\\/logo-long-white.png?fit=2500%2C270&ssl=1\",\"contentUrl\":\"https:\\\/\\\/i0.wp.com\\\/periodantis.com\\\/wp-content\\\/uploads\\\/2022\\\/01\\\/logo-long-white.png?fit=2500%2C270&ssl=1\",\"width\":2500,\"height\":270,\"caption\":\"Perio by Dantis\"},\"image\":{\"@id\":\"http:\\\/\\\/periodantis.com\\\/#\\\/schema\\\/logo\\\/image\\\/\"}}]}<\/script>\n<!-- \/ Yoast SEO plugin. -->","yoast_head_json":{"title":"Smile gallery - Perio by Dantis","description":"Before and after photographs of surgical gum treatment and non-surgical gum treatment, performed by Dr. Aiste Dantis","robots":{"index":"index","follow":"follow","max-snippet":"max-snippet:-1","max-image-preview":"max-image-preview:large","max-video-preview":"max-video-preview:-1"},"canonical":"https:\/\/periodantis.com\/lt\/smile-gallery\/","og_locale":"lt_LT","og_type":"article","og_title":"Smile gallery - Perio by Dantis","og_description":"Before and after photographs of surgical gum treatment and non-surgical gum treatment, performed by Dr. Aiste Dantis","og_url":"https:\/\/periodantis.com\/lt\/smile-gallery\/","og_site_name":"Perio by Dantis","article_modified_time":"2022-03-23T16:16:07+00:00","og_image":[{"width":600,"height":628,"url":"https:\/\/periodantis.com\/wp-content\/uploads\/2022\/01\/Before-after-feature-image-1.jpg","type":"image\/jpeg"}],"twitter_card":"summary_large_image","twitter_misc":{"Est. reading time":"4 minut\u0117s"},"schema":{"@context":"https:\/\/schema.org","@graph":[{"@type":"WebPage","@id":"https:\/\/periodantis.com\/smile-gallery\/","url":"https:\/\/periodantis.com\/smile-gallery\/","name":"Smile gallery - Perio by Dantis","isPartOf":{"@id":"http:\/\/periodantis.com\/#website"},"primaryImageOfPage":{"@id":"https:\/\/periodantis.com\/smile-gallery\/#primaryimage"},"image":{"@id":"https:\/\/periodantis.com\/smile-gallery\/#primaryimage"},"thumbnailUrl":"https:\/\/i0.wp.com\/periodantis.com\/wp-content\/uploads\/2022\/01\/Before-after-feature-image-1.jpg?fit=600%2C628&ssl=1","datePublished":"2022-01-18T20:26:57+00:00","dateModified":"2022-03-23T16:16:07+00:00","description":"Before and after photographs of surgical gum treatment and non-surgical gum treatment, performed by Dr. Aiste Dantis","breadcrumb":{"@id":"https:\/\/periodantis.com\/smile-gallery\/#breadcrumb"},"inLanguage":"lt-LT","potentialAction":[{"@type":"ReadAction","target":["https:\/\/periodantis.com\/smile-gallery\/"]}]},{"@type":"ImageObject","inLanguage":"lt-LT","@id":"https:\/\/periodantis.com\/smile-gallery\/#primaryimage","url":"https:\/\/i0.wp.com\/periodantis.com\/wp-content\/uploads\/2022\/01\/Before-after-feature-image-1.jpg?fit=600%2C628&ssl=1","contentUrl":"https:\/\/i0.wp.com\/periodantis.com\/wp-content\/uploads\/2022\/01\/Before-after-feature-image-1.jpg?fit=600%2C628&ssl=1","width":600,"height":628},{"@type":"BreadcrumbList","@id":"https:\/\/periodantis.com\/smile-gallery\/#breadcrumb","itemListElement":[{"@type":"ListItem","position":1,"name":"Home","item":"https:\/\/periodantis.com\/"},{"@type":"ListItem","position":2,"name":"Smile gallery"}]},{"@type":"WebSite","@id":"http:\/\/periodantis.com\/#website","url":"http:\/\/periodantis.com\/","name":"Perio by Dantis","description":"Gum doctor","publisher":{"@id":"http:\/\/periodantis.com\/#organization"},"potentialAction":[{"@type":"SearchAction","target":{"@type":"EntryPoint","urlTemplate":"http:\/\/periodantis.com\/?s={search_term_string}"},"query-input":{"@type":"PropertyValueSpecification","valueRequired":true,"valueName":"search_term_string"}}],"inLanguage":"lt-LT"},{"@type":"Organization","@id":"http:\/\/periodantis.com\/#organization","name":"Perio by Dantis","url":"http:\/\/periodantis.com\/","logo":{"@type":"ImageObject","inLanguage":"lt-LT","@id":"http:\/\/periodantis.com\/#\/schema\/logo\/image\/","url":"https:\/\/i0.wp.com\/periodantis.com\/wp-content\/uploads\/2022\/01\/logo-long-white.png?fit=2500%2C270&ssl=1","contentUrl":"https:\/\/i0.wp.com\/periodantis.com\/wp-content\/uploads\/2022\/01\/logo-long-white.png?fit=2500%2C270&ssl=1","width":2500,"height":270,"caption":"Perio by Dantis"},"image":{"@id":"http:\/\/periodantis.com\/#\/schema\/logo\/image\/"}}]}},"uagb_featured_image_src":{"full":["https:\/\/i0.wp.com\/periodantis.com\/wp-content\/uploads\/2022\/01\/Before-after-feature-image-1.jpg?fit=600%2C628&ssl=1",600,628,false],"thumbnail":["https:\/\/i0.wp.com\/periodantis.com\/wp-content\/uploads\/2022\/01\/Before-after-feature-image-1.jpg?resize=150%2C150&ssl=1",150,150,true],"medium":["https:\/\/i0.wp.com\/periodantis.com\/wp-content\/uploads\/2022\/01\/Before-after-feature-image-1.jpg?fit=287%2C300&ssl=1",287,300,true],"medium_large":["https:\/\/i0.wp.com\/periodantis.com\/wp-content\/uploads\/2022\/01\/Before-after-feature-image-1.jpg?fit=600%2C628&ssl=1",600,628,true],"large":["https:\/\/i0.wp.com\/periodantis.com\/wp-content\/uploads\/2022\/01\/Before-after-feature-image-1.jpg?fit=600%2C628&ssl=1",600,628,true],"1536x1536":["https:\/\/i0.wp.com\/periodantis.com\/wp-content\/uploads\/2022\/01\/Before-after-feature-image-1.jpg?fit=600%2C628&ssl=1",600,628,true],"2048x2048":["https:\/\/i0.wp.com\/periodantis.com\/wp-content\/uploads\/2022\/01\/Before-after-feature-image-1.jpg?fit=600%2C628&ssl=1",600,628,true],"trp-custom-language-flag":["https:\/\/i0.wp.com\/periodantis.com\/wp-content\/uploads\/2022\/01\/Before-after-feature-image-1.jpg?fit=11%2C12&ssl=1",11,12,true]},"uagb_author_info":{"display_name":"Aiste Dantis","author_link":"https:\/\/periodantis.com\/lt\/author\/aiste-dantis\/"},"uagb_comment_info":0,"uagb_excerpt":"Before and after photographs of surgical gum treatment and non-surgical gum treatment, performed by Dr. Aiste Dantis","jetpack_sharing_enabled":true,"_links":{"self":[{"href":"https:\/\/periodantis.com\/lt\/wp-json\/wp\/v2\/pages\/150","targetHints":{"allow":["GET"]}}],"collection":[{"href":"https:\/\/periodantis.com\/lt\/wp-json\/wp\/v2\/pages"}],"about":[{"href":"https:\/\/periodantis.com\/lt\/wp-json\/wp\/v2\/types\/page"}],"author":[{"embeddable":true,"href":"https:\/\/periodantis.com\/lt\/wp-json\/wp\/v2\/users\/2"}],"replies":[{"embeddable":true,"href":"https:\/\/periodantis.com\/lt\/wp-json\/wp\/v2\/comments?post=150"}],"version-history":[{"count":4,"href":"https:\/\/periodantis.com\/lt\/wp-json\/wp\/v2\/pages\/150\/revisions"}],"predecessor-version":[{"id":272,"href":"https:\/\/periodantis.com\/lt\/wp-json\/wp\/v2\/pages\/150\/revisions\/272"}],"wp:featuredmedia":[{"embeddable":true,"href":"https:\/\/periodantis.com\/lt\/wp-json\/wp\/v2\/media\/171"}],"wp:attachment":[{"href":"https:\/\/periodantis.com\/lt\/wp-json\/wp\/v2\/media?parent=150"}],"curies":[{"name":"wp","href":"https:\/\/api.w.org\/{rel}","templated":true}]}}