{"id":116,"date":"2022-01-16T22:15:21","date_gmt":"2022-01-16T22:15:21","guid":{"rendered":"https:\/\/periodantis.com\/?page_id=116"},"modified":"2023-11-29T17:51:11","modified_gmt":"2023-11-29T17:51:11","slug":"home","status":"publish","type":"page","link":"https:\/\/periodantis.com\/lt\/","title":{"rendered":"Pagrindinis"},"content":{"rendered":"<div class=\"wp-block-group alignfull has-palette-color-1-background-color has-background is-layout-flow wp-block-group-is-layout-flow\">\n<div class=\"wp-block-media-text alignfull has-media-on-the-right is-stacked-on-mobile has-palette-color-1-background-color has-background\" style=\"grid-template-columns:auto 53%\"><div class=\"wp-block-media-text__content\">\n<h1 class=\"wp-block-heading has-text-align-center has-text-color\" style=\"color:#ffffff\">Dr. Aist\u0117 DANTIS<\/h1>\n\n\n\n<p class=\"has-text-align-center has-palette-color-6-color has-text-color\">Vienintel\u0117 lietuv\u0117 odontolog\u0117 Londone (ir Anglijoje) kuri atlieka periodontologin\u012f (danten\u0173 lig\u0173) gydym\u0105.<\/p>\n\n\n\n<p class=\"has-text-align-center has-palette-color-6-color has-text-color\">Su\u017einokite daugiau apie sveik\u0173 dant\u0173 ir danten\u0173 prie\u017ei\u016br\u0105 mano tinklara\u0161tyje, arba:<\/p>\n\n\n\n<div class=\"wp-block-buttons is-horizontal is-content-justification-center is-layout-flex wp-container-core-buttons-is-layout-03627597 wp-block-buttons-is-layout-flex\">\n<div class=\"wp-block-button\"><a class=\"wp-block-button__link has-palette-color-2-background-color has-background wp-element-button\" href=\"https:\/\/periodantis.com\/lt\/book-your-gum-consultation\/\">REGISTRUOKIT\u0116S KONSULTACIJAI<\/a><\/div>\n<\/div>\n\n\n\n<div style=\"height:20px\" aria-hidden=\"true\" class=\"wp-block-spacer\"><\/div>\n\n\n\n<p class=\"has-text-align-center has-palette-color-6-color has-text-color\">i\u0161samiam danten\u0173 b\u016bkl\u0117s \u012fvertinimui bei gydymo plano sudarymui<\/p>\n<\/div><figure class=\"wp-block-media-text__media\"><img data-recalc-dims=\"1\" fetchpriority=\"high\" decoding=\"async\" width=\"1024\" height=\"731\" src=\"https:\/\/i0.wp.com\/periodantis.com\/wp-content\/uploads\/2023\/11\/R3A8986.jpg?resize=1024%2C731&#038;ssl=1\" alt=\"\" class=\"wp-image-273 size-full\" srcset=\"https:\/\/i0.wp.com\/periodantis.com\/wp-content\/uploads\/2023\/11\/R3A8986-scaled.jpg?resize=1024%2C731&amp;ssl=1 1024w, https:\/\/i0.wp.com\/periodantis.com\/wp-content\/uploads\/2023\/11\/R3A8986-scaled.jpg?resize=300%2C214&amp;ssl=1 300w, https:\/\/i0.wp.com\/periodantis.com\/wp-content\/uploads\/2023\/11\/R3A8986-scaled.jpg?resize=768%2C548&amp;ssl=1 768w, https:\/\/i0.wp.com\/periodantis.com\/wp-content\/uploads\/2023\/11\/R3A8986-scaled.jpg?resize=1536%2C1097&amp;ssl=1 1536w, https:\/\/i0.wp.com\/periodantis.com\/wp-content\/uploads\/2023\/11\/R3A8986-scaled.jpg?resize=2048%2C1463&amp;ssl=1 2048w, https:\/\/i0.wp.com\/periodantis.com\/wp-content\/uploads\/2023\/11\/R3A8986-scaled.jpg?resize=18%2C12&amp;ssl=1 18w\" sizes=\"(max-width: 1024px) 100vw, 1024px\" \/><\/figure><\/div>\n<\/div>\n\n\n\n<p class=\"\"><\/p>","protected":false},"excerpt":{"rendered":"<p>A London-based dentist,  whose practice is limited to Periodontology (gum diseases). Find out how to keep your gums healthy or book a consultation for gum assessment.<\/p>","protected":false},"author":2,"featured_media":0,"parent":0,"menu_order":0,"comment_status":"closed","ping_status":"closed","template":"","meta":{"nf_dc_page":"home","_uag_custom_page_level_css":"","_monsterinsights_skip_tracking":false,"_monsterinsights_sitenote_active":false,"_monsterinsights_sitenote_note":"","_monsterinsights_sitenote_category":0,"footnotes":""},"class_list":["post-116","page","type-page","status-publish","hentry"],"blocksy_meta":{"styles_descriptor":{"styles":{"desktop":"","tablet":"","mobile":""},"google_fonts":[],"version":6}},"yoast_head":"<!-- This site is optimized with the Yoast SEO plugin v27.4 - https:\/\/yoast.com\/product\/yoast-seo-wordpress\/ -->\n<title>Home - Perio by Dantis<\/title>\n<meta name=\"description\" content=\"A London-based dentist, whose practice is limited to Periodontology (gum diseases). Find out how to keep your gums healthy or book a consultation for gum assessment.\" \/>\n<meta name=\"robots\" content=\"index, follow, max-snippet:-1, max-image-preview:large, max-video-preview:-1\" \/>\n<link rel=\"canonical\" href=\"https:\/\/periodantis.com\/lt\/\" \/>\n<meta property=\"og:locale\" content=\"lt_LT\" \/>\n<meta property=\"og:type\" content=\"article\" \/>\n<meta property=\"og:title\" content=\"Home - Perio by Dantis\" \/>\n<meta property=\"og:description\" content=\"A London-based dentist, whose practice is limited to Periodontology (gum diseases). Find out how to keep your gums healthy or book a consultation for gum assessment.\" \/>\n<meta property=\"og:url\" content=\"https:\/\/periodantis.com\/lt\/\" \/>\n<meta property=\"og:site_name\" content=\"Perio by Dantis\" \/>\n<meta property=\"article:modified_time\" content=\"2023-11-29T17:51:11+00:00\" \/>\n<meta property=\"og:image\" content=\"https:\/\/periodantis.com\/wp-content\/uploads\/2023\/11\/R3A8986-1024x731.jpg\" \/>\n<meta name=\"twitter:card\" content=\"summary_large_image\" \/>\n<meta name=\"twitter:label1\" content=\"Est. reading time\" \/>\n\t<meta name=\"twitter:data1\" content=\"1 minut\u0117\" \/>\n<script type=\"application\/ld+json\" class=\"yoast-schema-graph\">{\"@context\":\"https:\\\/\\\/schema.org\",\"@graph\":[{\"@type\":\"WebPage\",\"@id\":\"https:\\\/\\\/periodantis.com\\\/\",\"url\":\"https:\\\/\\\/periodantis.com\\\/\",\"name\":\"Home - Perio by Dantis\",\"isPartOf\":{\"@id\":\"http:\\\/\\\/periodantis.com\\\/#website\"},\"primaryImageOfPage\":{\"@id\":\"https:\\\/\\\/periodantis.com\\\/#primaryimage\"},\"image\":{\"@id\":\"https:\\\/\\\/periodantis.com\\\/#primaryimage\"},\"thumbnailUrl\":\"https:\\\/\\\/periodantis.com\\\/wp-content\\\/uploads\\\/2023\\\/11\\\/R3A8986-1024x731.jpg\",\"datePublished\":\"2022-01-16T22:15:21+00:00\",\"dateModified\":\"2023-11-29T17:51:11+00:00\",\"description\":\"A London-based dentist, whose practice is limited to Periodontology (gum diseases). Find out how to keep your gums healthy or book a consultation for gum assessment.\",\"breadcrumb\":{\"@id\":\"https:\\\/\\\/periodantis.com\\\/#breadcrumb\"},\"inLanguage\":\"lt-LT\",\"potentialAction\":[{\"@type\":\"ReadAction\",\"target\":[\"https:\\\/\\\/periodantis.com\\\/\"]}]},{\"@type\":\"ImageObject\",\"inLanguage\":\"lt-LT\",\"@id\":\"https:\\\/\\\/periodantis.com\\\/#primaryimage\",\"url\":\"https:\\\/\\\/periodantis.com\\\/wp-content\\\/uploads\\\/2023\\\/11\\\/R3A8986-1024x731.jpg\",\"contentUrl\":\"https:\\\/\\\/periodantis.com\\\/wp-content\\\/uploads\\\/2023\\\/11\\\/R3A8986-1024x731.jpg\"},{\"@type\":\"BreadcrumbList\",\"@id\":\"https:\\\/\\\/periodantis.com\\\/#breadcrumb\",\"itemListElement\":[{\"@type\":\"ListItem\",\"position\":1,\"name\":\"Home\",\"item\":\"https:\\\/\\\/periodantis.com\\\/\"},{\"@type\":\"ListItem\",\"position\":2,\"name\":\"Home\"}]},{\"@type\":\"WebSite\",\"@id\":\"http:\\\/\\\/periodantis.com\\\/#website\",\"url\":\"http:\\\/\\\/periodantis.com\\\/\",\"name\":\"Perio by Dantis\",\"description\":\"Gum doctor\",\"publisher\":{\"@id\":\"http:\\\/\\\/periodantis.com\\\/#organization\"},\"potentialAction\":[{\"@type\":\"SearchAction\",\"target\":{\"@type\":\"EntryPoint\",\"urlTemplate\":\"http:\\\/\\\/periodantis.com\\\/?s={search_term_string}\"},\"query-input\":{\"@type\":\"PropertyValueSpecification\",\"valueRequired\":true,\"valueName\":\"search_term_string\"}}],\"inLanguage\":\"lt-LT\"},{\"@type\":\"Organization\",\"@id\":\"http:\\\/\\\/periodantis.com\\\/#organization\",\"name\":\"Perio by Dantis\",\"url\":\"http:\\\/\\\/periodantis.com\\\/\",\"logo\":{\"@type\":\"ImageObject\",\"inLanguage\":\"lt-LT\",\"@id\":\"http:\\\/\\\/periodantis.com\\\/#\\\/schema\\\/logo\\\/image\\\/\",\"url\":\"https:\\\/\\\/i0.wp.com\\\/periodantis.com\\\/wp-content\\\/uploads\\\/2022\\\/01\\\/logo-long-white.png?fit=2500%2C270&ssl=1\",\"contentUrl\":\"https:\\\/\\\/i0.wp.com\\\/periodantis.com\\\/wp-content\\\/uploads\\\/2022\\\/01\\\/logo-long-white.png?fit=2500%2C270&ssl=1\",\"width\":2500,\"height\":270,\"caption\":\"Perio by Dantis\"},\"image\":{\"@id\":\"http:\\\/\\\/periodantis.com\\\/#\\\/schema\\\/logo\\\/image\\\/\"}}]}<\/script>\n<!-- \/ Yoast SEO plugin. -->","yoast_head_json":{"title":"Home - Perio by Dantis","description":"A London-based dentist, whose practice is limited to Periodontology (gum diseases). Find out how to keep your gums healthy or book a consultation for gum assessment.","robots":{"index":"index","follow":"follow","max-snippet":"max-snippet:-1","max-image-preview":"max-image-preview:large","max-video-preview":"max-video-preview:-1"},"canonical":"https:\/\/periodantis.com\/lt\/","og_locale":"lt_LT","og_type":"article","og_title":"Home - Perio by Dantis","og_description":"A London-based dentist, whose practice is limited to Periodontology (gum diseases). Find out how to keep your gums healthy or book a consultation for gum assessment.","og_url":"https:\/\/periodantis.com\/lt\/","og_site_name":"Perio by Dantis","article_modified_time":"2023-11-29T17:51:11+00:00","og_image":[{"url":"https:\/\/periodantis.com\/wp-content\/uploads\/2023\/11\/R3A8986-1024x731.jpg","type":"","width":"","height":""}],"twitter_card":"summary_large_image","twitter_misc":{"Est. reading time":"1 minut\u0117"},"schema":{"@context":"https:\/\/schema.org","@graph":[{"@type":"WebPage","@id":"https:\/\/periodantis.com\/","url":"https:\/\/periodantis.com\/","name":"Home - Perio by Dantis","isPartOf":{"@id":"http:\/\/periodantis.com\/#website"},"primaryImageOfPage":{"@id":"https:\/\/periodantis.com\/#primaryimage"},"image":{"@id":"https:\/\/periodantis.com\/#primaryimage"},"thumbnailUrl":"https:\/\/periodantis.com\/wp-content\/uploads\/2023\/11\/R3A8986-1024x731.jpg","datePublished":"2022-01-16T22:15:21+00:00","dateModified":"2023-11-29T17:51:11+00:00","description":"A London-based dentist, whose practice is limited to Periodontology (gum diseases). Find out how to keep your gums healthy or book a consultation for gum assessment.","breadcrumb":{"@id":"https:\/\/periodantis.com\/#breadcrumb"},"inLanguage":"lt-LT","potentialAction":[{"@type":"ReadAction","target":["https:\/\/periodantis.com\/"]}]},{"@type":"ImageObject","inLanguage":"lt-LT","@id":"https:\/\/periodantis.com\/#primaryimage","url":"https:\/\/periodantis.com\/wp-content\/uploads\/2023\/11\/R3A8986-1024x731.jpg","contentUrl":"https:\/\/periodantis.com\/wp-content\/uploads\/2023\/11\/R3A8986-1024x731.jpg"},{"@type":"BreadcrumbList","@id":"https:\/\/periodantis.com\/#breadcrumb","itemListElement":[{"@type":"ListItem","position":1,"name":"Home","item":"https:\/\/periodantis.com\/"},{"@type":"ListItem","position":2,"name":"Home"}]},{"@type":"WebSite","@id":"http:\/\/periodantis.com\/#website","url":"http:\/\/periodantis.com\/","name":"Perio by Dantis","description":"Gum doctor","publisher":{"@id":"http:\/\/periodantis.com\/#organization"},"potentialAction":[{"@type":"SearchAction","target":{"@type":"EntryPoint","urlTemplate":"http:\/\/periodantis.com\/?s={search_term_string}"},"query-input":{"@type":"PropertyValueSpecification","valueRequired":true,"valueName":"search_term_string"}}],"inLanguage":"lt-LT"},{"@type":"Organization","@id":"http:\/\/periodantis.com\/#organization","name":"Perio by Dantis","url":"http:\/\/periodantis.com\/","logo":{"@type":"ImageObject","inLanguage":"lt-LT","@id":"http:\/\/periodantis.com\/#\/schema\/logo\/image\/","url":"https:\/\/i0.wp.com\/periodantis.com\/wp-content\/uploads\/2022\/01\/logo-long-white.png?fit=2500%2C270&ssl=1","contentUrl":"https:\/\/i0.wp.com\/periodantis.com\/wp-content\/uploads\/2022\/01\/logo-long-white.png?fit=2500%2C270&ssl=1","width":2500,"height":270,"caption":"Perio by Dantis"},"image":{"@id":"http:\/\/periodantis.com\/#\/schema\/logo\/image\/"}}]}},"uagb_featured_image_src":{"full":false,"thumbnail":false,"medium":false,"medium_large":false,"large":false,"1536x1536":false,"2048x2048":false,"trp-custom-language-flag":false},"uagb_author_info":{"display_name":"Aiste Dantis","author_link":"https:\/\/periodantis.com\/lt\/author\/aiste-dantis\/"},"uagb_comment_info":0,"uagb_excerpt":"A London-based dentist, whose practice is limited to Periodontology (gum diseases). Find out how to keep your gums healthy or book a consultation for gum assessment.","jetpack_sharing_enabled":true,"_links":{"self":[{"href":"https:\/\/periodantis.com\/lt\/wp-json\/wp\/v2\/pages\/116","targetHints":{"allow":["GET"]}}],"collection":[{"href":"https:\/\/periodantis.com\/lt\/wp-json\/wp\/v2\/pages"}],"about":[{"href":"https:\/\/periodantis.com\/lt\/wp-json\/wp\/v2\/types\/page"}],"author":[{"embeddable":true,"href":"https:\/\/periodantis.com\/lt\/wp-json\/wp\/v2\/users\/2"}],"replies":[{"embeddable":true,"href":"https:\/\/periodantis.com\/lt\/wp-json\/wp\/v2\/comments?post=116"}],"version-history":[{"count":5,"href":"https:\/\/periodantis.com\/lt\/wp-json\/wp\/v2\/pages\/116\/revisions"}],"predecessor-version":[{"id":274,"href":"https:\/\/periodantis.com\/lt\/wp-json\/wp\/v2\/pages\/116\/revisions\/274"}],"wp:attachment":[{"href":"https:\/\/periodantis.com\/lt\/wp-json\/wp\/v2\/media?parent=116"}],"curies":[{"name":"wp","href":"https:\/\/api.w.org\/{rel}","templated":true}]}}