{"id":10,"date":"2022-01-01T12:32:29","date_gmt":"2022-01-01T12:32:29","guid":{"rendered":"https:\/\/periodantis.com\/?page_id=10"},"modified":"2022-01-26T14:31:12","modified_gmt":"2022-01-26T14:31:12","slug":"about","status":"publish","type":"page","link":"https:\/\/periodantis.com\/lt\/about\/","title":{"rendered":"Apie odontolog\u0119"},"content":{"rendered":"<figure class=\"wp-block-pullquote alignwide is-style-default\"><blockquote><p>Rausvos ir sveikos dantenos yra lygiai tiek pat svarbios, kiek ir balti dantys.<\/p><cite>Gydytoja odontolog\u0117 Aist\u0117 DANTIS<\/cite><\/blockquote><\/figure>\n\n\n\n<div class=\"wp-block-stackable-columns stk-block-columns stk-block stk-53a492e\" data-block-id=\"53a492e\"><div class=\"stk-row stk-inner-blocks stk-block-content stk-content-align stk-53a492e-column\">\n<div class=\"wp-block-stackable-column stk-block-column stk-column stk-block stk-8229db3\" data-block-id=\"8229db3\"><style>@media screen and (min-width:690px){.stk-8229db3{flex:1 1 calc(27.9% - var(--stk-column-gap,0px) * 1 \/ 2 ) !important}}<\/style><div class=\"stk-column-wrapper stk-block-column__content stk-container stk-8229db3-container stk--no-background stk--no-padding\"><div class=\"stk-block-content stk-inner-blocks\">\n<div class=\"wp-block-stackable-image stk-block-image has-text-align-center stk-block stk-74f2af4\" data-block-id=\"74f2af4\"><style>.stk-74f2af4 .stk-img-wrapper img{object-position:63% 19% !important}<\/style><figure class=\"stk-img-wrapper stk-image--shape-stretch\"><img data-recalc-dims=\"1\" fetchpriority=\"high\" decoding=\"async\" class=\"stk-img wp-image-35\" src=\"https:\/\/i0.wp.com\/periodantis.com\/wp-content\/uploads\/2022\/01\/Doctor-Aiste-Volkyte-Dantis-resized.jpg?resize=1290%2C1935&#038;ssl=1\" width=\"1290\" height=\"1935\" srcset=\"https:\/\/i0.wp.com\/periodantis.com\/wp-content\/uploads\/2022\/01\/Doctor-Aiste-Volkyte-Dantis-resized.jpg?w=1667&amp;ssl=1 1667w, https:\/\/i0.wp.com\/periodantis.com\/wp-content\/uploads\/2022\/01\/Doctor-Aiste-Volkyte-Dantis-resized.jpg?resize=200%2C300&amp;ssl=1 200w, https:\/\/i0.wp.com\/periodantis.com\/wp-content\/uploads\/2022\/01\/Doctor-Aiste-Volkyte-Dantis-resized.jpg?resize=683%2C1024&amp;ssl=1 683w, https:\/\/i0.wp.com\/periodantis.com\/wp-content\/uploads\/2022\/01\/Doctor-Aiste-Volkyte-Dantis-resized.jpg?resize=768%2C1152&amp;ssl=1 768w, https:\/\/i0.wp.com\/periodantis.com\/wp-content\/uploads\/2022\/01\/Doctor-Aiste-Volkyte-Dantis-resized.jpg?resize=1024%2C1536&amp;ssl=1 1024w, https:\/\/i0.wp.com\/periodantis.com\/wp-content\/uploads\/2022\/01\/Doctor-Aiste-Volkyte-Dantis-resized.jpg?resize=1366%2C2048&amp;ssl=1 1366w, https:\/\/i0.wp.com\/periodantis.com\/wp-content\/uploads\/2022\/01\/Doctor-Aiste-Volkyte-Dantis-resized.jpg?resize=8%2C12&amp;ssl=1 8w\" sizes=\"(max-width: 1290px) 100vw, 1290px\" \/><\/figure><\/div>\n<\/div><\/div><\/div>\n\n\n\n<div class=\"wp-block-stackable-column stk-block-column stk-column stk-block stk-a32a817\" data-block-id=\"a32a817\"><style>@media screen and (min-width:690px){.stk-a32a817{flex:1 1 calc(72.1% - var(--stk-column-gap,0px) * 1 \/ 2 ) !important}}.stk-a32a817-container{background-color:var(--theme-palette-color-6,#f2f5f7) !important}.stk-a32a817-container:before{background-color:var(--theme-palette-color-6,#f2f5f7) !important}<\/style><div class=\"stk-column-wrapper stk-block-column__content stk-container stk-a32a817-container stk-hover-parent\"><div class=\"stk-block-content stk-inner-blocks\">\n<p>Sveiki!<\/p>\n\n\n\n<p>Esu gydytoja odontolog\u0117 Aist\u0117 VOLKYT\u0116 - DANTIS. Pagrindin\u0117 mano darbo sritis yra danten\u0173 ligos, kaip pavyzd\u017eiui periodontitas (anks\u010diau vadintas parodontoze) ar danten\u0173 recesijos. \u0160iuo metu esu vienintel\u0117 lietuv\u0117 odontolog\u0117 - periodontolog\u0117 (danten\u0173 lig\u0173 gydytoja) Jungtin\u0117je Karalyst\u0117je.\nEsu periodontologijos rezident\u0117 King's College London universitete, o periodontologijos klinikin\u0119 praktik\u0105 atlieku Guy's Hospital Dental Institute London. Taip pat dirbu lietuvi\u0161koje odontologijos klinikoje Londone - North Woolwich Dental Practice.<\/p>\n\n\n\n<p>2014 metais baigiau penkeri\u0173 met\u0173 trukm\u0117s studij\u0173 program\u0105 ir \u012fgijau odontologijos magistro laipsn\u012f Lietuvos Sveikatos Moksl\u0173 Universitete, Kaune. Nor\u0117dama \u012fgyti daugiau \u017eini\u0173 bei \u012fg\u016bd\u017ei\u0173 mane dominan\u010dioje periodontologijos (danten\u0173 lig\u0173) srityje, 2018 metais prad\u0117jau periodontologijos mokslus BPP Universiteto Odontologijos Institute Birmingeme (\u0161iuo metu vadinasi College of Medicine &amp; Dentistry). Po dvej\u0173 met\u0173 studij\u0173, 2020 metais atsi\u0117miau Klinikin\u0117s Periodontologijos Diplom\u0105. Tais pa\u010diais metais buvau priimta \u012f periodontologijos specialist\u0173 rengimo program\u0105 King\u2019s College London, kur toliau tobulinuosi ir ruo\u0161iuosi egzaminams, suteikiantiems specialisto laipsn\u012f. Taip pat esu Britanijos Periodontolog\u0173 ir Implantolog\u0173 Draugijos (British Society of Periodontology and Implantology) bei Europos Periodontologijos Federacijos (European Federation of Periodontology) nar\u0117. D\u0117l savo nepasotinamos aistros mokslui, draug\u0173 ir \u0161eimos esu praminta \"am\u017eina studente\".<\/p>\n\n\n\n<div class=\"wp-block-image\"><figure class=\"aligncenter size-large\"><img data-recalc-dims=\"1\" decoding=\"async\" width=\"1024\" height=\"768\" src=\"https:\/\/i0.wp.com\/periodantis.com\/wp-content\/uploads\/2022\/01\/perio-masterclass-dublin.jpg?resize=1024%2C768&#038;ssl=1\" alt=\"\" class=\"wp-image-185\" srcset=\"https:\/\/i0.wp.com\/periodantis.com\/wp-content\/uploads\/2022\/01\/perio-masterclass-dublin.jpg?resize=1024%2C768&amp;ssl=1 1024w, https:\/\/i0.wp.com\/periodantis.com\/wp-content\/uploads\/2022\/01\/perio-masterclass-dublin.jpg?resize=300%2C225&amp;ssl=1 300w, https:\/\/i0.wp.com\/periodantis.com\/wp-content\/uploads\/2022\/01\/perio-masterclass-dublin.jpg?resize=768%2C576&amp;ssl=1 768w, https:\/\/i0.wp.com\/periodantis.com\/wp-content\/uploads\/2022\/01\/perio-masterclass-dublin.jpg?resize=1536%2C1152&amp;ssl=1 1536w, https:\/\/i0.wp.com\/periodantis.com\/wp-content\/uploads\/2022\/01\/perio-masterclass-dublin.jpg?resize=16%2C12&amp;ssl=1 16w, https:\/\/i0.wp.com\/periodantis.com\/wp-content\/uploads\/2022\/01\/perio-masterclass-dublin.jpg?w=2048&amp;ssl=1 2048w\" sizes=\"(max-width: 1024px) 100vw, 1024px\" \/><\/figure><\/div>\n\n\n\n<p>\u012e danten\u0173 gydym\u0105 \u017ei\u016briu holisti\u0161kai. Savo pacientams nuolat pabr\u0117\u017eiu, kad burna yra m\u016bs\u0173 k\u016bno dalis, taigi norint tur\u0117ti sveikas dantenas, reikia r\u016bpintis bendra organizmo sveikata. <\/p>\n\n\n\n<p>Mano pacientai gali patvirtinti - visuomet jie pasitinkami su \u0161ypsena ir pozityvia nuotaika. Tai padeda atsipalaiduoti net ir tiems pacientams, kurie turi dantist\u0173 baim\u0119. M\u0117gstu leisti rami\u0105 muzik\u0105 apsilankym\u0173 metu bei stengiuosi dirbti kuo \u0161velniau, tad ne vienas pacientas gal\u0117t\u0173 papasakoti kaip beveik u\u017esn\u016bdo danten\u0173 gydymo metu!<\/p>\n\n\n\n<p>Jei nerimaujate d\u0117l savo danten\u0173 sveikatos, registruokit\u0117s konsultacijai su manimi:<\/p>\n\n\n\n<div class=\"wp-block-stackable-button-group aligncenter stk-block-button-group stk-block stk-d9a0838\" data-block-id=\"d9a0838\"><style>.stk-d9a0838{min-height:80px !important;display:flex !important}.stk-d9a0838{align-items:center !important}<\/style><div class=\"stk-row stk-inner-blocks has-text-align-center stk-block-content stk-button-group\">\n<div class=\"wp-block-stackable-button stk-block-button stk-block stk-cf75e98\" data-block-id=\"cf75e98\"><style>.stk-cf75e98{border-radius:0px !important;overflow:hidden !important;box-shadow:none !important}.stk-cf75e98{display:flex !important}.stk-cf75e98{align-items:center !important}.stk-cf75e98 .stk-button{min-height:19px !important;padding-top:5px !important;padding-right:13px !important;padding-bottom:5px !important;padding-left:13px !important;background:var(--theme-palette-color-2,#2d76ba) !important}.stk-cf75e98 .stk-button{border-radius:8px !important;overflow:hidden !important}.stk-cf75e98 .stk-button:before{box-shadow:none !important}.stk-cf75e98 .stk-button__inner-text{font-size:20px !important;font-weight:bold !important}@media screen and (max-width:999px){.stk-cf75e98 .stk-button__inner-text{font-size:20px !important}}<\/style><a class=\"stk-link stk-button stk--hover-effect-darken\" href=\"https:\/\/periodantis.com\/lt\/book-your-gum-consultation\/\" title=\"Registruotis danten\u0173 konsultacijai\"><span class=\"stk--svg-wrapper\"><div class=\"stk--inner-svg\"><svg aria-hidden=\"true\" focusable=\"false\" data-prefix=\"fas\" data-icon=\"tooth\" class=\"svg-inline--fa fa-tooth fa-w-14\" xmlns=\"http:\/\/www.w3.org\/2000\/svg\" viewbox=\"0 0 448 512\" width=\"32\" height=\"32\"><path fill=\"currentColor\" d=\"M443.98 96.25c-11.01-45.22-47.11-82.06-92.01-93.72-32.19-8.36-63 5.1-89.14 24.33-3.25 2.39-6.96 3.73-10.5 5.48l28.32 18.21c7.42 4.77 9.58 14.67 4.8 22.11-4.46 6.95-14.27 9.86-22.11 4.8L162.83 12.84c-20.7-10.85-43.38-16.4-66.81-10.31-44.9 11.67-81 48.5-92.01 93.72-10.13 41.62-.42 80.81 21.5 110.43 23.36 31.57 32.68 68.66 36.29 107.35 4.4 47.16 10.33 94.16 20.94 140.32l7.8 33.95c3.19 13.87 15.49 23.7 29.67 23.7 13.97 0 26.15-9.55 29.54-23.16l34.47-138.42c4.56-18.32 20.96-31.16 39.76-31.16s35.2 12.85 39.76 31.16l34.47 138.42c3.39 13.61 15.57 23.16 29.54 23.16 14.18 0 26.48-9.83 29.67-23.7l7.8-33.95c10.61-46.15 16.53-93.16 20.94-140.32 3.61-38.7 12.93-75.78 36.29-107.35 21.95-29.61 31.66-68.8 21.53-110.43z\"><\/path><\/svg><\/div><\/span><span class=\"stk-button__inner-text\">Registruotis danten\u0173 konsultacijai<\/span><\/a><\/div>\n<\/div><\/div>\n<\/div><\/div><\/div>\n<\/div><\/div>\n\n\n\n<p><\/p>","protected":false},"excerpt":{"rendered":"<p>Gyd. od. Aist\u0117s VOLKYT\u0116S - DANTIS pagrindin\u0117 darbo sritis yra danten\u0173 ligos, kaip pavyzd\u017eiui periodontitas (anks\u010diau vadintas parodontoze) ar dant\u0173 recesijos. Gyd. Dantis yra vienintel\u0117 lietuv\u0117 odontolog\u0117 - periodontolog\u0117 (danten\u0173 lig\u0173 gydytoja) Jungtin\u0117je Karalyst\u0117je.\n\nGydytoja yra periodontologijos rezident\u0117 King's College London universitete. \u0160iuo metu ji atlieka periodontologijos klinikin\u0119 praktik\u0105 Guy's Hospital Dental Institute Londone, bei dirba lietuvi\u0161koje odontologijos klinikoje Londone - North Woolwich Dental Practice.<\/p>","protected":false},"author":2,"featured_media":0,"parent":0,"menu_order":0,"comment_status":"closed","ping_status":"closed","template":"elementor_theme","meta":{"nf_dc_page":"","_uag_custom_page_level_css":"","_monsterinsights_skip_tracking":false,"_monsterinsights_sitenote_active":false,"_monsterinsights_sitenote_note":"","_monsterinsights_sitenote_category":0,"footnotes":""},"class_list":["post-10","page","type-page","status-publish","hentry"],"blocksy_meta":{"styles_descriptor":{"styles":{"desktop":"","tablet":"","mobile":""},"google_fonts":[],"version":6}},"yoast_head":"<!-- This site is optimized with the Yoast SEO plugin v27.4 - https:\/\/yoast.com\/product\/yoast-seo-wordpress\/ -->\n<title>About - Perio by Dantis<\/title>\n<meta name=\"description\" content=\"Dr. Aiste VOLKYTE - DANTIS is a specialist registrar in periodontics at the King\u2019s College London, Guy\u2019s Hospital Dental Institute. Aiste\u2019s area of expertise is treatment of gum diseases \u2013 such as periodontitis, or receding gums.\" \/>\n<meta name=\"robots\" content=\"index, follow, max-snippet:-1, max-image-preview:large, max-video-preview:-1\" \/>\n<link rel=\"canonical\" href=\"https:\/\/periodantis.com\/lt\/about\/\" \/>\n<meta property=\"og:locale\" content=\"lt_LT\" \/>\n<meta property=\"og:type\" content=\"article\" \/>\n<meta property=\"og:title\" content=\"About - Perio by Dantis\" \/>\n<meta property=\"og:description\" content=\"Dr. Aiste VOLKYTE - DANTIS is a specialist registrar in periodontics at the King\u2019s College London, Guy\u2019s Hospital Dental Institute. Aiste\u2019s area of expertise is treatment of gum diseases \u2013 such as periodontitis, or receding gums.\" \/>\n<meta property=\"og:url\" content=\"https:\/\/periodantis.com\/lt\/about\/\" \/>\n<meta property=\"og:site_name\" content=\"Perio by Dantis\" \/>\n<meta property=\"article:modified_time\" content=\"2022-01-26T14:31:12+00:00\" \/>\n<meta property=\"og:image\" content=\"https:\/\/periodantis.com\/wp-content\/uploads\/2022\/01\/Doctor-Aiste-Volkyte-Dantis-resized.jpg\" \/>\n<meta name=\"twitter:card\" content=\"summary_large_image\" \/>\n<meta name=\"twitter:label1\" content=\"Est. reading time\" \/>\n\t<meta name=\"twitter:data1\" content=\"2 minut\u0117s\" \/>\n<script type=\"application\/ld+json\" class=\"yoast-schema-graph\">{\"@context\":\"https:\\\/\\\/schema.org\",\"@graph\":[{\"@type\":\"WebPage\",\"@id\":\"https:\\\/\\\/periodantis.com\\\/about\\\/\",\"url\":\"https:\\\/\\\/periodantis.com\\\/about\\\/\",\"name\":\"About - Perio by Dantis\",\"isPartOf\":{\"@id\":\"http:\\\/\\\/periodantis.com\\\/#website\"},\"primaryImageOfPage\":{\"@id\":\"https:\\\/\\\/periodantis.com\\\/about\\\/#primaryimage\"},\"image\":{\"@id\":\"https:\\\/\\\/periodantis.com\\\/about\\\/#primaryimage\"},\"thumbnailUrl\":\"https:\\\/\\\/periodantis.com\\\/wp-content\\\/uploads\\\/2022\\\/01\\\/Doctor-Aiste-Volkyte-Dantis-resized.jpg\",\"datePublished\":\"2022-01-01T12:32:29+00:00\",\"dateModified\":\"2022-01-26T14:31:12+00:00\",\"description\":\"Dr. Aiste VOLKYTE - DANTIS is a specialist registrar in periodontics at the King\u2019s College London, Guy\u2019s Hospital Dental Institute. Aiste\u2019s area of expertise is treatment of gum diseases \u2013 such as periodontitis, or receding gums.\",\"breadcrumb\":{\"@id\":\"https:\\\/\\\/periodantis.com\\\/about\\\/#breadcrumb\"},\"inLanguage\":\"lt-LT\",\"potentialAction\":[{\"@type\":\"ReadAction\",\"target\":[\"https:\\\/\\\/periodantis.com\\\/about\\\/\"]}]},{\"@type\":\"ImageObject\",\"inLanguage\":\"lt-LT\",\"@id\":\"https:\\\/\\\/periodantis.com\\\/about\\\/#primaryimage\",\"url\":\"https:\\\/\\\/periodantis.com\\\/wp-content\\\/uploads\\\/2022\\\/01\\\/Doctor-Aiste-Volkyte-Dantis-resized.jpg\",\"contentUrl\":\"https:\\\/\\\/periodantis.com\\\/wp-content\\\/uploads\\\/2022\\\/01\\\/Doctor-Aiste-Volkyte-Dantis-resized.jpg\"},{\"@type\":\"BreadcrumbList\",\"@id\":\"https:\\\/\\\/periodantis.com\\\/about\\\/#breadcrumb\",\"itemListElement\":[{\"@type\":\"ListItem\",\"position\":1,\"name\":\"Home\",\"item\":\"https:\\\/\\\/periodantis.com\\\/\"},{\"@type\":\"ListItem\",\"position\":2,\"name\":\"About\"}]},{\"@type\":\"WebSite\",\"@id\":\"http:\\\/\\\/periodantis.com\\\/#website\",\"url\":\"http:\\\/\\\/periodantis.com\\\/\",\"name\":\"Perio by Dantis\",\"description\":\"Gum doctor\",\"publisher\":{\"@id\":\"http:\\\/\\\/periodantis.com\\\/#organization\"},\"potentialAction\":[{\"@type\":\"SearchAction\",\"target\":{\"@type\":\"EntryPoint\",\"urlTemplate\":\"http:\\\/\\\/periodantis.com\\\/?s={search_term_string}\"},\"query-input\":{\"@type\":\"PropertyValueSpecification\",\"valueRequired\":true,\"valueName\":\"search_term_string\"}}],\"inLanguage\":\"lt-LT\"},{\"@type\":\"Organization\",\"@id\":\"http:\\\/\\\/periodantis.com\\\/#organization\",\"name\":\"Perio by Dantis\",\"url\":\"http:\\\/\\\/periodantis.com\\\/\",\"logo\":{\"@type\":\"ImageObject\",\"inLanguage\":\"lt-LT\",\"@id\":\"http:\\\/\\\/periodantis.com\\\/#\\\/schema\\\/logo\\\/image\\\/\",\"url\":\"https:\\\/\\\/i0.wp.com\\\/periodantis.com\\\/wp-content\\\/uploads\\\/2022\\\/01\\\/logo-long-white.png?fit=2500%2C270&ssl=1\",\"contentUrl\":\"https:\\\/\\\/i0.wp.com\\\/periodantis.com\\\/wp-content\\\/uploads\\\/2022\\\/01\\\/logo-long-white.png?fit=2500%2C270&ssl=1\",\"width\":2500,\"height\":270,\"caption\":\"Perio by Dantis\"},\"image\":{\"@id\":\"http:\\\/\\\/periodantis.com\\\/#\\\/schema\\\/logo\\\/image\\\/\"}}]}<\/script>\n<!-- \/ Yoast SEO plugin. -->","yoast_head_json":{"title":"About - Perio by Dantis","description":"Dr. Aiste VOLKYTE - DANTIS is a specialist registrar in periodontics at the King\u2019s College London, Guy\u2019s Hospital Dental Institute. Aiste\u2019s area of expertise is treatment of gum diseases \u2013 such as periodontitis, or receding gums.","robots":{"index":"index","follow":"follow","max-snippet":"max-snippet:-1","max-image-preview":"max-image-preview:large","max-video-preview":"max-video-preview:-1"},"canonical":"https:\/\/periodantis.com\/lt\/about\/","og_locale":"lt_LT","og_type":"article","og_title":"About - Perio by Dantis","og_description":"Dr. Aiste VOLKYTE - DANTIS is a specialist registrar in periodontics at the King\u2019s College London, Guy\u2019s Hospital Dental Institute. Aiste\u2019s area of expertise is treatment of gum diseases \u2013 such as periodontitis, or receding gums.","og_url":"https:\/\/periodantis.com\/lt\/about\/","og_site_name":"Perio by Dantis","article_modified_time":"2022-01-26T14:31:12+00:00","og_image":[{"url":"https:\/\/periodantis.com\/wp-content\/uploads\/2022\/01\/Doctor-Aiste-Volkyte-Dantis-resized.jpg","type":"","width":"","height":""}],"twitter_card":"summary_large_image","twitter_misc":{"Est. reading time":"2 minut\u0117s"},"schema":{"@context":"https:\/\/schema.org","@graph":[{"@type":"WebPage","@id":"https:\/\/periodantis.com\/about\/","url":"https:\/\/periodantis.com\/about\/","name":"About - Perio by Dantis","isPartOf":{"@id":"http:\/\/periodantis.com\/#website"},"primaryImageOfPage":{"@id":"https:\/\/periodantis.com\/about\/#primaryimage"},"image":{"@id":"https:\/\/periodantis.com\/about\/#primaryimage"},"thumbnailUrl":"https:\/\/periodantis.com\/wp-content\/uploads\/2022\/01\/Doctor-Aiste-Volkyte-Dantis-resized.jpg","datePublished":"2022-01-01T12:32:29+00:00","dateModified":"2022-01-26T14:31:12+00:00","description":"Dr. Aiste VOLKYTE - DANTIS is a specialist registrar in periodontics at the King\u2019s College London, Guy\u2019s Hospital Dental Institute. Aiste\u2019s area of expertise is treatment of gum diseases \u2013 such as periodontitis, or receding gums.","breadcrumb":{"@id":"https:\/\/periodantis.com\/about\/#breadcrumb"},"inLanguage":"lt-LT","potentialAction":[{"@type":"ReadAction","target":["https:\/\/periodantis.com\/about\/"]}]},{"@type":"ImageObject","inLanguage":"lt-LT","@id":"https:\/\/periodantis.com\/about\/#primaryimage","url":"https:\/\/periodantis.com\/wp-content\/uploads\/2022\/01\/Doctor-Aiste-Volkyte-Dantis-resized.jpg","contentUrl":"https:\/\/periodantis.com\/wp-content\/uploads\/2022\/01\/Doctor-Aiste-Volkyte-Dantis-resized.jpg"},{"@type":"BreadcrumbList","@id":"https:\/\/periodantis.com\/about\/#breadcrumb","itemListElement":[{"@type":"ListItem","position":1,"name":"Home","item":"https:\/\/periodantis.com\/"},{"@type":"ListItem","position":2,"name":"About"}]},{"@type":"WebSite","@id":"http:\/\/periodantis.com\/#website","url":"http:\/\/periodantis.com\/","name":"Perio by Dantis","description":"Gum doctor","publisher":{"@id":"http:\/\/periodantis.com\/#organization"},"potentialAction":[{"@type":"SearchAction","target":{"@type":"EntryPoint","urlTemplate":"http:\/\/periodantis.com\/?s={search_term_string}"},"query-input":{"@type":"PropertyValueSpecification","valueRequired":true,"valueName":"search_term_string"}}],"inLanguage":"lt-LT"},{"@type":"Organization","@id":"http:\/\/periodantis.com\/#organization","name":"Perio by Dantis","url":"http:\/\/periodantis.com\/","logo":{"@type":"ImageObject","inLanguage":"lt-LT","@id":"http:\/\/periodantis.com\/#\/schema\/logo\/image\/","url":"https:\/\/i0.wp.com\/periodantis.com\/wp-content\/uploads\/2022\/01\/logo-long-white.png?fit=2500%2C270&ssl=1","contentUrl":"https:\/\/i0.wp.com\/periodantis.com\/wp-content\/uploads\/2022\/01\/logo-long-white.png?fit=2500%2C270&ssl=1","width":2500,"height":270,"caption":"Perio by Dantis"},"image":{"@id":"http:\/\/periodantis.com\/#\/schema\/logo\/image\/"}}]}},"uagb_featured_image_src":{"full":false,"thumbnail":false,"medium":false,"medium_large":false,"large":false,"1536x1536":false,"2048x2048":false,"trp-custom-language-flag":false},"uagb_author_info":{"display_name":"Aiste Dantis","author_link":"https:\/\/periodantis.com\/lt\/author\/aiste-dantis\/"},"uagb_comment_info":0,"uagb_excerpt":"Dr. Aiste VOLKYTE - DANTIS is a specialist registrar in periodontics at the King\u2019s College London, Guy\u2019s Hospital Dental Institute. Aiste\u2019s area of expertise is treatment of gum diseases \u2013 such as periodontitis, or receding gums.","jetpack_sharing_enabled":true,"_links":{"self":[{"href":"https:\/\/periodantis.com\/lt\/wp-json\/wp\/v2\/pages\/10","targetHints":{"allow":["GET"]}}],"collection":[{"href":"https:\/\/periodantis.com\/lt\/wp-json\/wp\/v2\/pages"}],"about":[{"href":"https:\/\/periodantis.com\/lt\/wp-json\/wp\/v2\/types\/page"}],"author":[{"embeddable":true,"href":"https:\/\/periodantis.com\/lt\/wp-json\/wp\/v2\/users\/2"}],"replies":[{"embeddable":true,"href":"https:\/\/periodantis.com\/lt\/wp-json\/wp\/v2\/comments?post=10"}],"version-history":[{"count":5,"href":"https:\/\/periodantis.com\/lt\/wp-json\/wp\/v2\/pages\/10\/revisions"}],"predecessor-version":[{"id":214,"href":"https:\/\/periodantis.com\/lt\/wp-json\/wp\/v2\/pages\/10\/revisions\/214"}],"wp:attachment":[{"href":"https:\/\/periodantis.com\/lt\/wp-json\/wp\/v2\/media?parent=10"}],"curies":[{"name":"wp","href":"https:\/\/api.w.org\/{rel}","templated":true}]}}